{"id":1778,"date":"2022-11-28T10:56:26","date_gmt":"2022-11-28T09:56:26","guid":{"rendered":"https:\/\/www.wheelscanning.se\/startseite\/"},"modified":"2023-03-01T13:58:11","modified_gmt":"2023-03-01T12:58:11","slug":"hem","status":"publish","type":"page","link":"https:\/\/www.wheelscanning.se\/de\/","title":{"rendered":"Startseite"},"content":{"rendered":"<p>[vc_section full_width=&#8220;stretch_row_content&#8220; el_class=&#8220;top-hero&#8220;][vc_row equal_height=&#8220;yes&#8220; css=&#8220;.vc_custom_1671715541521{background-position: center !important;background-repeat: no-repeat !important;background-size: contain !important;}&#8220; el_class=&#8220;toplayer-bg&#8220;][vc_column width=&#8220;1\/2&#8243; el_class=&#8220;toplayer-left-bg&#8220;][vc_row_inner content_placement=&#8220;top&#8220;][vc_column_inner el_class=&#8220;topcontent&#8220;][vc_column_text el_class=&#8220;toptext&#8220;]<\/p>\n<h1>Willkommen bei Wheelscanning<\/h1>\n<p>Mit Wheelscanning k\u00f6nnen Sie Ihr Reifenmanagement rationalisieren, neue Verkaufschancen generieren und einen Mehrwert f\u00fcr Ihre Kunden schaffen. Kontaktieren Sie uns und wir erz\u00e4hlen Ihnen mehr![\/vc_column_text][vc_btn title=&#8220;Kontakt&#8220; style=&#8220;custom&#8220; custom_background=&#8220;&#8220; custom_text=&#8220;#ffffff&#8220; shape=&#8220;square&#8220; align=&#8220;left&#8220; link=&#8220;url:%2Fde%2Fkontakt%2F|title:Kontakt&#8220;][\/vc_column_inner][\/vc_row_inner][\/vc_column][vc_column width=&#8220;1\/2&#8243; el_class=&#8220;topcontent-right&#8220;][vc_raw_html el_class=&#8220;top-right-image&#8220;]JTNDZGl2JTIwY2xhc3MlM0QlMjJzdGFydGRhY2slMjIlM0UlMEElM0NpbWclMjBzcmMlM0QlMjIlMkZ3cC1jb250ZW50JTJGdXBsb2FkcyUyRjIwMjMlMkYwMiUyRldILXN0YXJ0LXRleHQtZGUuc3ZnJTIyJTIwd2lkdGglM0QlMjI2MjclMjIlMjB1c2VtYXAlM0QlMjIlMjNpbWFnZS1tYXAlMjIlM0UlMEElMEElM0NtYXAlMjBuYW1lJTNEJTIyaW1hZ2UtbWFwJTIyJTNFJTBBJTIwJTIwJTIwJTIwJTNDYXJlYSUyMHRhcmdldCUzRCUyMl9wYXJlbnQlMjIlMjBhbHQlM0QlMjJXaGVlbHNjYW4lMjIlMjB0aXRsZSUzRCUyMldoZWVsc2NhbiUyMiUyMGhyZWYlM0QlMjIlMkZkZSUyRnByb2R1a3RlLXdoZWVsc2NhbiUyRiUyMiUyMGNvb3JkcyUzRCUyMjEzNyUyQzYwJTJDMzQ3JTJDMCUyMiUyMHNoYXBlJTNEJTIycmVjdCUyMiUzRSUwQSUyMCUyMCUyMCUyMCUzQ2FyZWElMjB0YXJnZXQlM0QlMjJfcGFyZW50JTIyJTIwYWx0JTNEJTIyV2hlZWxzcGVjJTIwUmVhZCUyMiUyMHRpdGxlJTNEJTIyV2hlZWxzcGVjJTIwUmVhZCUyMiUyMGhyZWYlM0QlMjIlMkZkZSUyRnByb2R1a3RlLXdoZWVsc3BlYy1yZWFkJTJGJTIyJTIwY29vcmRzJTNEJTIyNjAlMkMxMTclMkMyMzUlMkMxODglMjIlMjBzaGFwZSUzRCUyMnJlY3QlMjIlM0UlMEElMjAlMjAlMjAlMjAlM0NhcmVhJTIwdGFyZ2V0JTNEJTIyX3BhcmVudCUyMiUyMGFsdCUzRCUyMldoZWVsc3BlYyUyMFJpbSUyMiUyMHRpdGxlJTNEJTIyV2hlZWxzcGVjJTIwUmltJTIyJTIwaHJlZiUzRCUyMiUyRmRlJTJGcHJvZHVrdGUtd2hlZWxzcGVjLXJpbSUyRiUyMiUyMGNvb3JkcyUzRCUyMjE3JTJDMjk1JTJDMTY1JTJDMzQ1JTIyJTIwc2hhcGUlM0QlMjJyZWN0JTIyJTNFJTBBJTNDJTJGbWFwJTNFJTBBJTNDZGl2JTNF[\/vc_raw_html][\/vc_column][\/vc_row][\/vc_section][vc_section full_width=&#8220;stretch_row&#8220; el_class=&#8220;content-bg&#8220;][vc_row gap=&#8220;35&#8243;][vc_column width=&#8220;1\/2&#8243;][\/vc_column][vc_column width=&#8220;1\/2&#8243; el_class=&#8220;measure-txt-box&#8220;][vc_column_text]<\/p>\n<h2><\/h2>\n<h2><\/h2>\n<h2>Die Profiltiefe auf eine neue Art messen<\/h2>\n<p>Wheelscan misst mit Pr\u00e4zision und Qualit\u00e4t die Profiltiefe der Reifen.<br \/>\nDie Messung wird an einem vollst\u00e4ndig horizontalen Radstapel vorgenommen. Die Technologie basiert auf der SAAB-Stereokammertechnologie, die \u00fcber viele Jahre hinweg entwickelt und verfeinert wurde.<\/p>\n<h3>Merchandising<\/h3>\n<p>Der Verkauf von Reifen und Achsvermessungen wird mit einer Unterlage, die deutliche Abnutzungserscheinungen aufweist, wesentlich einfacher.<\/p>\n<h3>Zeitersparnis<\/h3>\n<p>Sparen Sie Zeit und Energie und kontrollieren Sie den Status Ihrer Reifen in Ihrem Reifenhotel.<\/p>\n<h3>Kundenvorteile<\/h3>\n<p>In einer Branche, die sich im Prozess der Digitalisierung und Modernisierung befindet, ist es wichtig, dem Kunden das gewisse Extra zu bieten.[\/vc_column_text][vc_btn title=&#8220;Mehr lesen&#8220; style=&#8220;custom&#8220; custom_background=&#8220;&#8220; custom_text=&#8220;&#8220; shape=&#8220;square&#8220; link=&#8220;url:%2Fde%2Fprodukte%2F|title:Mehr%20lesen&#8220; el_class=&#8220;readmore&#8220;][\/vc_column][\/vc_row][\/vc_section][vc_section el_class=&#8220;measure-section&#8220; css=&#8220;.vc_custom_1672746058327{margin-top: 0px !important;margin-right: 0px !important;margin-bottom: 0px !important;margin-left: 0px !important;padding-top: 0px !important;padding-right: 0px !important;padding-bottom: 0px !important;padding-left: 0px !important;}&#8220;][vc_row equal_height=&#8220;yes&#8220; el_class=&#8220;measure-section-content&#8220; css=&#8220;.vc_custom_1671722237340{margin-top: 0px !important;margin-right: 0px !important;margin-bottom: 0px !important;margin-left: 0px !important;padding-top: 35px !important;padding-right: 0px !important;padding-bottom: 0px !important;padding-left: 0px !important;}&#8220;][vc_column][vc_row_inner][vc_column_inner][vc_single_image image=&#8220;3609&#8243; img_size=&#8220;full&#8220; el_id=&#8220;tal-scanner&#8220;][\/vc_column_inner][\/vc_row_inner][\/vc_column][\/vc_row][\/vc_section][vc_section css=&#8220;.vc_custom_1674552653824{margin-bottom: 0px !important;padding-bottom: 0px !important;}&#8220; el_class=&#8220;content-bottom&#8220;][vc_row gap=&#8220;35&#8243; css=&#8220;.vc_custom_1674639405230{margin-bottom: 0px !important;padding-bottom: 0px !important;}&#8220; el_class=&#8220;mob-rev&#8220;][vc_column width=&#8220;1\/2&#8243; css=&#8220;.vc_custom_1674639641761{margin-bottom: 0px !important;padding-bottom: 0px !important;}&#8220; el_class=&#8220;mob-rev-col&#8220;][vc_single_image image=&#8220;3647&#8243; img_size=&#8220;full&#8220; alignment=&#8220;right&#8220; css=&#8220;.vc_custom_1674553959933{margin-bottom: 0px !important;padding-bottom: 0px !important;}&#8220;][vc_column_text]Wheelscanning Sweden AB startete als ein Spin-Off bei SAAB. Wir liefern L\u00f6sungen zur Zeitersparnis, Qualit\u00e4tssteigerung und Generierung neuer Absatzm\u00f6glichkeiten f\u00fcr den Reifen- und Autohandel. Unsere Produkte basieren auf Stereokameratechnologie. Diese Technologie erstellt aus mehreren Bildern ein 3D-Modell, bei welchem alle relevanten Parameter messbar sind. Sie liefert uns einheitliche und akkurate Ergebnisse.[\/vc_column_text][vc_btn title=&#8220;Mehr lesen&#8220; style=&#8220;custom&#8220; custom_background=&#8220;&#8220; custom_text=&#8220;&#8220; shape=&#8220;square&#8220; link=&#8220;url:%2Fde%2Fuber-uns%2F|title:Mehr%20lesen&#8220; el_class=&#8220;readmore&#8220; css=&#8220;.vc_custom_1677668004206{margin-bottom: 0px !important;padding-bottom: 0px !important;}&#8220;][\/vc_column][vc_column width=&#8220;1\/2&#8243; css=&#8220;.vc_custom_1674552484393{margin-bottom: 0px !important;padding-bottom: 0px !important;}&#8220;][vc_column_text]<\/p>\n<h2>\u00dcber Wheelscanning in K\u00fcrze<\/h2>\n<p>[\/vc_column_text][vc_single_image image=&#8220;3652&#8243; img_size=&#8220;full&#8220; el_class=&#8220;collegues&#8220; css=&#8220;.vc_custom_1674552534997{margin-bottom: 0px !important;padding-bottom: 0px !important;}&#8220;][\/vc_column][\/vc_row][\/vc_section][vc_section full_width=&#8220;stretch_row&#8220; el_class=&#8220;bottom-hero-section&#8220;][vc_row el_class=&#8220;bottom-hero&#8220;][vc_column el_class=&#8220;bottom-hero-row&#8220;][vc_row_inner el_class=&#8220;test3&#8243;][vc_column_inner width=&#8220;1\/2&#8243;][vc_column_text css=&#8220;.vc_custom_1677668075683{margin-top: 0px !important;margin-bottom: 0px !important;padding-top: 0px !important;padding-bottom: 0px !important;}&#8220;]<\/p>\n<h2>Schreiben Sie uns eine E-Mail<\/h2>\n<p>Nehmen Sie Kontakt zu uns auf und wir melden uns umgehend bei Ihnen![\/vc_column_text]\n<div class=\"wpcf7 no-js\" id=\"wpcf7-f63-o1\" lang=\"en-US\" dir=\"ltr\" data-wpcf7-id=\"63\">\n<div class=\"screen-reader-response\"><p role=\"status\" aria-live=\"polite\" aria-atomic=\"true\"><\/p> <ul><\/ul><\/div>\n<form action=\"\/de\/wp-json\/wp\/v2\/pages\/1778#wpcf7-f63-o1\" method=\"post\" class=\"wpcf7-form init\" aria-label=\"Contact form\" novalidate=\"novalidate\" data-status=\"init\">\n<fieldset class=\"hidden-fields-container\"><input type=\"hidden\" name=\"_wpcf7\" value=\"63\" \/><input type=\"hidden\" name=\"_wpcf7_version\" value=\"6.1.5\" \/><input type=\"hidden\" name=\"_wpcf7_locale\" value=\"en_US\" \/><input type=\"hidden\" name=\"_wpcf7_unit_tag\" value=\"wpcf7-f63-o1\" \/><input type=\"hidden\" name=\"_wpcf7_container_post\" value=\"0\" \/><input type=\"hidden\" name=\"_wpcf7_posted_data_hash\" value=\"\" \/>\n<\/fieldset>\n<div class=\"wpcf7-turnstile cf-turnstile\" data-sitekey=\"0x4AAAAAACGCORvqK13qTLX8\" data-response-field-name=\"_wpcf7_turnstile_response\"><\/div>\n\n<div>\n\t<p><span class=\"wpcf7-form-control-wrap\" data-name=\"ditt-namn\"><input size=\"40\" maxlength=\"400\" class=\"wpcf7-form-control wpcf7-text wpcf7-validates-as-required\" aria-required=\"true\" aria-invalid=\"false\" placeholder=\"Name\" value=\"\" type=\"text\" name=\"ditt-namn\" \/><\/span>\n\t<\/p>\n<\/div>\n<div>\n\t<p><span class=\"wpcf7-form-control-wrap\" data-name=\"din-epost\"><input size=\"40\" maxlength=\"400\" class=\"wpcf7-form-control wpcf7-email wpcf7-validates-as-required wpcf7-text wpcf7-validates-as-email\" aria-required=\"true\" aria-invalid=\"false\" placeholder=\"E-mail\" value=\"\" type=\"email\" name=\"din-epost\" \/><\/span>\n\t<\/p>\n<\/div>\n<div>\n\t<p><span class=\"wpcf7-form-control-wrap\" data-name=\"ditt-meddelande\"><textarea cols=\"40\" rows=\"3\" maxlength=\"2000\" class=\"wpcf7-form-control wpcf7-textarea\" aria-invalid=\"false\" placeholder=\"Nachricht\" name=\"ditt-meddelande\"><\/textarea><\/span>\n\t<\/p>\n<\/div>\n<div class=\"submit\">\n\t<p><input class=\"wpcf7-form-control wpcf7-submit has-spinner\" type=\"submit\" value=\"Senden\" \/>\n\t<\/p>\n<\/div><div class=\"wpcf7-response-output\" aria-hidden=\"true\"><\/div>\n<\/form>\n<\/div>\n[\/vc_column_inner][vc_column_inner width=&#8220;1\/2&#8243;][vc_column_text el_class=&#8220;kontaktinfo&#8220;]<\/p>\n<h2>Kontakt<\/h2>\n<p><strong>Adresse<br \/>\n<\/strong>Fredsgatan 25, 311 52 V\u00e4rnamo, Schweden<\/p>\n<p><strong>Telefon<br \/>\n<\/strong><a href=\"tel:+46102659990\">+46 10-265 99 90<\/a><\/p>\n<p><strong>E-Mail<br \/>\n<\/strong>info@wheelscanning.se[\/vc_column_text][\/vc_column_inner][\/vc_row_inner][\/vc_column][\/vc_row][\/vc_section]<\/p>\n","protected":false},"excerpt":{"rendered":"<p>[vc_section full_width=&#8220;stretch_row_content&#8220; el_class=&#8220;top-hero&#8220;][vc_row equal_height=&#8220;yes&#8220; css=&#8220;.vc_custom_1671715541521{background-position: center !important;background-repeat: no-repeat !important;background-size: contain !important;}&#8220; el_class=&#8220;toplayer-bg&#8220;][vc_column width=&#8220;1\/2&#8243; el_class=&#8220;toplayer-left-bg&#8220;][vc_row_inner content_placement=&#8220;top&#8220;][vc_column_inner el_class=&#8220;topcontent&#8220;][vc_column_text el_class=&#8220;toptext&#8220;] Willkommen bei Wheelscanning Mit Wheelscanning k\u00f6nnen Sie Ihr Reifenmanagement<span class=\"excerpt-hellip\"> [\u2026]<\/span><\/p>\n","protected":false},"author":5,"featured_media":0,"parent":0,"menu_order":0,"comment_status":"closed","ping_status":"open","template":"","meta":{"footnotes":""},"class_list":["post-1778","page","type-page","status-publish","hentry"],"_links":{"self":[{"href":"https:\/\/www.wheelscanning.se\/de\/wp-json\/wp\/v2\/pages\/1778","targetHints":{"allow":["GET"]}}],"collection":[{"href":"https:\/\/www.wheelscanning.se\/de\/wp-json\/wp\/v2\/pages"}],"about":[{"href":"https:\/\/www.wheelscanning.se\/de\/wp-json\/wp\/v2\/types\/page"}],"author":[{"embeddable":true,"href":"https:\/\/www.wheelscanning.se\/de\/wp-json\/wp\/v2\/users\/5"}],"replies":[{"embeddable":true,"href":"https:\/\/www.wheelscanning.se\/de\/wp-json\/wp\/v2\/comments?post=1778"}],"version-history":[{"count":204,"href":"https:\/\/www.wheelscanning.se\/de\/wp-json\/wp\/v2\/pages\/1778\/revisions"}],"predecessor-version":[{"id":4391,"href":"https:\/\/www.wheelscanning.se\/de\/wp-json\/wp\/v2\/pages\/1778\/revisions\/4391"}],"wp:attachment":[{"href":"https:\/\/www.wheelscanning.se\/de\/wp-json\/wp\/v2\/media?parent=1778"}],"curies":[{"name":"wp","href":"https:\/\/api.w.org\/{rel}","templated":true}]}}