{"id":4308,"date":"2023-01-26T09:31:04","date_gmt":"2023-01-26T08:31:04","guid":{"rendered":"https:\/\/www.wheelscanning.se\/produkter\/"},"modified":"2024-10-30T09:03:14","modified_gmt":"2024-10-30T08:03:14","slug":"produkte","status":"publish","type":"page","link":"https:\/\/www.wheelscanning.se\/de\/produkte\/","title":{"rendered":"Alle Produkte"},"content":{"rendered":"<p>[vc_section full_width=&#8220;stretch_row_content&#8220; el_class=&#8220;top-hero&#8220; css=&#8220;.vc_custom_1674721738857{background-image: url(https:\/\/www.wheelscanning.se\/wp-content\/uploads\/2023\/01\/top-bg-alla-prod.jpg?id=3774) !important;background-position: center !important;background-repeat: no-repeat !important;background-size: cover !important;}&#8220;][vc_row equal_height=&#8220;yes&#8220; css=&#8220;.vc_custom_1671715541521{background-position: center !important;background-repeat: no-repeat !important;background-size: contain !important;}&#8220; el_class=&#8220;toplayer-bg&#8220;][vc_column width=&#8220;1\/2&#8243; el_class=&#8220;toplayer-left-bg withoutimg&#8220;][vc_row_inner content_placement=&#8220;top&#8220;][vc_column_inner el_class=&#8220;topcontent&#8220;][vc_column_text el_class=&#8220;toptext&#8220;]<\/p>\n<h1>Automatisieren, digitalisieren und optimieren<\/h1>\n<p>In einer Branche, die vor Digitalisierung und Modernisierung steht, ist es unser Ziel, effektive und wettbewerbsf\u00e4hige Werkzeuge bereitzustellen, die den Werkst\u00e4tten Zeit sparen, die Qualit\u00e4t erh\u00f6hen und die Rentabilit\u00e4t steigern. Mit umfassendem Branchenwissen tragen wir zu revolution\u00e4rer Technik bei.[\/vc_column_text][vc_btn title=&#8220;Kontakt&#8220; style=&#8220;custom&#8220; custom_background=&#8220;&#8220; custom_text=&#8220;#ffffff&#8220; shape=&#8220;square&#8220; align=&#8220;left&#8220; link=&#8220;url:%2Fde%2Fkontakt%2F|title:Kontakt&#8220;][\/vc_column_inner][\/vc_row_inner][\/vc_column][vc_column width=&#8220;1\/2&#8243; el_class=&#8220;topcontent-right&#8220;][\/vc_column][\/vc_row][\/vc_section][vc_section full_width=&#8220;stretch_row&#8220; el_class=&#8220;content-bg&#8220;][vc_row gap=&#8220;35&#8243; el_class=&#8220;content-middle&#8220;][vc_column][vc_video link=&#8220;https:\/\/www.youtube.com\/watch?v=dfhCUNmbL14&amp;ab_channel=WheelscanningSwedenAB&#8220; align=&#8220;center&#8220;][\/vc_column][\/vc_row][\/vc_section][vc_section el_class=&#8220;middle-section&#8220;][vc_row][vc_column][vc_column_text]<\/p>\n<h2>Unsere Produkte<\/h2>\n<p>[\/vc_column_text][\/vc_column][\/vc_row][vc_row el_class=&#8220;our-products&#8220;][vc_column width=&#8220;1\/3&#8243; el_class=&#8220;our-products-left&#8220;][vc_single_image source=&#8220;external_link&#8220; onclick=&#8220;custom_link&#8220; custom_src=&#8220;\/wp-content\/uploads\/2023\/01\/icon-prod-wheelscan.svg&#8220; link=&#8220;\/de\/produkte-wheelscan\/&#8220;][vc_btn title=&#8220;Wheelscan&#8220; style=&#8220;custom&#8220; custom_background=&#8220;&#8220; custom_text=&#8220;&#8220; shape=&#8220;square&#8220; size=&#8220;lg&#8220; align=&#8220;left&#8220; link=&#8220;url:%2Fde%2Fprodukte-wheelscan%2F&#8220; el_class=&#8220;moreprod&#8220;][\/vc_column][vc_column width=&#8220;1\/3&#8243;][vc_single_image source=&#8220;external_link&#8220; alignment=&#8220;center&#8220; onclick=&#8220;custom_link&#8220; custom_src=&#8220;\/wp-content\/uploads\/2023\/01\/icon-prod-wheelscanrim.svg&#8220; link=&#8220;\/de\/produkte-wheelspec-rim\/&#8220; css=&#8220;.vc_custom_1677673896468{padding-top: 12px !important;padding-bottom: 12px !important;}&#8220;][vc_btn title=&#8220;Wheelspec Rim&#8220; style=&#8220;custom&#8220; custom_background=&#8220;&#8220; custom_text=&#8220;&#8220; shape=&#8220;square&#8220; size=&#8220;lg&#8220; align=&#8220;center&#8220; link=&#8220;url:%2Fde%2Fprodukte-wheelspec-rim%2F&#8220; el_class=&#8220;moreprod&#8220;][\/vc_column][vc_column width=&#8220;1\/3&#8243; el_class=&#8220;our-products-right&#8220;][vc_single_image source=&#8220;external_link&#8220; alignment=&#8220;right&#8220; onclick=&#8220;custom_link&#8220; custom_src=&#8220;\/wp-content\/uploads\/2023\/01\/icon-prod-wheelscanrim.svg&#8220; css=&#8220;.vc_custom_1677673917358{padding-top: 10px !important;padding-bottom: 10px !important;}&#8220; link=&#8220;\/de\/produkte-wheelspec-read\/&#8220;][vc_btn title=&#8220;Wheelspec Read&#8220; style=&#8220;custom&#8220; custom_background=&#8220;&#8220; custom_text=&#8220;&#8220; shape=&#8220;square&#8220; size=&#8220;lg&#8220; align=&#8220;right&#8220; link=&#8220;url:%2Fde%2Fprodukte-wheelspec-read%2F&#8220; el_class=&#8220;moreprod&#8220;][\/vc_column][\/vc_row][\/vc_section][vc_section el_class=&#8220;boka-demo-box&#8220;][vc_row][vc_column]\n<div class=\"wpcf7 no-js\" id=\"wpcf7-f4305-o1\" lang=\"sv-SE\" dir=\"ltr\" data-wpcf7-id=\"4305\">\n<div class=\"screen-reader-response\"><p role=\"status\" aria-live=\"polite\" aria-atomic=\"true\"><\/p> <ul><\/ul><\/div>\n<form action=\"\/de\/wp-json\/wp\/v2\/pages\/4308#wpcf7-f4305-o1\" method=\"post\" class=\"wpcf7-form init\" aria-label=\"Kontaktformul\u00e4r\" novalidate=\"novalidate\" data-status=\"init\">\n<fieldset class=\"hidden-fields-container\"><input type=\"hidden\" name=\"_wpcf7\" value=\"4305\" \/><input type=\"hidden\" name=\"_wpcf7_version\" value=\"6.1.5\" \/><input type=\"hidden\" name=\"_wpcf7_locale\" value=\"sv_SE\" \/><input type=\"hidden\" name=\"_wpcf7_unit_tag\" value=\"wpcf7-f4305-o1\" \/><input type=\"hidden\" name=\"_wpcf7_container_post\" value=\"0\" \/><input type=\"hidden\" name=\"_wpcf7_posted_data_hash\" value=\"\" \/>\n<\/fieldset>\n<div class=\"wpcf7-turnstile cf-turnstile\" data-sitekey=\"0x4AAAAAACGCORvqK13qTLX8\" data-response-field-name=\"_wpcf7_turnstile_response\"><\/div>\n\n<h4> Ich m\u00f6chte ein Demo buchen\n<\/h4>\n<div class=\"column three-fourth\">\n\t<p><span class=\"wpcf7-form-control-wrap\" data-name=\"your-email\"><input size=\"40\" maxlength=\"400\" class=\"wpcf7-form-control wpcf7-email wpcf7-validates-as-required wpcf7-text wpcf7-validates-as-email\" aria-required=\"true\" aria-invalid=\"false\" placeholder=\"E-Mail\" value=\"\" type=\"email\" name=\"your-email\" \/><\/span>\n\t<\/p>\n<\/div>\n<div class=\"column one-fourth\">\n\t<p><span class=\"submit\"><input class=\"wpcf7-form-control wpcf7-submit has-spinner\" type=\"submit\" value=\"Senden\" \/><\/span>\n\t<\/p>\n<\/div><div class=\"wpcf7-response-output\" aria-hidden=\"true\"><\/div>\n<\/form>\n<\/div>\n[\/vc_column][\/vc_row][\/vc_section][vc_section el_class=&#8220;usp&#8220;][vc_row equal_height=&#8220;yes&#8220;][vc_column width=&#8220;1\/3&#8243; el_class=&#8220;greenbox&#8220;][vc_row_inner equal_height=&#8220;yes&#8220; content_placement=&#8220;middle&#8220;][vc_column_inner width=&#8220;1\/4&#8243;][vc_single_image image=&#8220;3817&#8243; img_size=&#8220;full&#8220; alignment=&#8220;center&#8220;][\/vc_column_inner][vc_column_inner width=&#8220;3\/4&#8243;][vc_column_text]<\/p>\n<h3>Zus\u00e4tzlicher Umsatz<\/h3>\n<p>Der Verkauf von Reifen und der Achsvermessung gestaltet sich wesentlich einfacher mit einem Bild, das den Verschlei\u00df deutlich aufzeigt.[\/vc_column_text][\/vc_column_inner][\/vc_row_inner][\/vc_column][vc_column width=&#8220;1\/3&#8243; el_class=&#8220;greybox&#8220;][vc_row_inner equal_height=&#8220;yes&#8220; content_placement=&#8220;middle&#8220;][vc_column_inner width=&#8220;1\/4&#8243;][vc_single_image image=&#8220;3820&#8243; img_size=&#8220;full&#8220; alignment=&#8220;center&#8220;][\/vc_column_inner][vc_column_inner width=&#8220;3\/4&#8243;][vc_column_text]<\/p>\n<h3>Zeitgewinn<\/h3>\n<p>Sparen Sie Zeit und Energie und gewinnen Sie die Kontrolle \u00fcber den Status der Reifen in Ihrem R\u00e4derlager.[\/vc_column_text][\/vc_column_inner][\/vc_row_inner][\/vc_column][vc_column width=&#8220;1\/3&#8243; el_class=&#8220;greenbox&#8220;][vc_row_inner equal_height=&#8220;yes&#8220; content_placement=&#8220;middle&#8220;][vc_column_inner width=&#8220;1\/4&#8243;][vc_single_image image=&#8220;3817&#8243; img_size=&#8220;full&#8220; alignment=&#8220;center&#8220;][\/vc_column_inner][vc_column_inner width=&#8220;3\/4&#8243;][vc_column_text]<\/p>\n<h3>Kundennutzen<\/h3>\n<p>In einer Branche wachsender Digitalisierung und Modernisierung ist es wichtig, dem Kunden ein gewisses Extra anzubieten.[\/vc_column_text][\/vc_column_inner][\/vc_row_inner][\/vc_column][\/vc_row][vc_row equal_height=&#8220;yes&#8220;][vc_column width=&#8220;1\/3&#8243; el_class=&#8220;greybox&#8220;][vc_row_inner equal_height=&#8220;yes&#8220; content_placement=&#8220;middle&#8220;][vc_column_inner width=&#8220;1\/4&#8243;][vc_single_image image=&#8220;3820&#8243; img_size=&#8220;full&#8220; alignment=&#8220;center&#8220;][\/vc_column_inner][vc_column_inner width=&#8220;3\/4&#8243;][vc_column_text]<\/p>\n<h3>Stereokameratechnologie<\/h3>\n<p>Mit einer hohen Anzahl an Messpunkten k\u00f6nnen wir eine Messung mit h\u00f6chster Genauigkeit generieren.[\/vc_column_text][\/vc_column_inner][\/vc_row_inner][\/vc_column][vc_column width=&#8220;1\/3&#8243; el_class=&#8220;greenbox&#8220;][vc_row_inner equal_height=&#8220;yes&#8220; content_placement=&#8220;middle&#8220;][vc_column_inner width=&#8220;1\/4&#8243;][vc_single_image image=&#8220;3817&#8243; img_size=&#8220;full&#8220; alignment=&#8220;center&#8220;][\/vc_column_inner][vc_column_inner width=&#8220;3\/4&#8243;][vc_column_text]<\/p>\n<h3>Integriert<\/h3>\n<p>Wir haben die M\u00f6glichkeit, die Daten in s\u00e4mtliche Unternehmenssoftware der Branche zu integrieren. Heute sind wir in D\u00e4ckData integriert, Nordeuropas meistgenutzte Unternehmenssoftware f\u00fcr die Reifen- und Automobilbranche.[\/vc_column_text][\/vc_column_inner][\/vc_row_inner][\/vc_column][vc_column width=&#8220;1\/3&#8243; el_class=&#8220;greybox&#8220;][vc_row_inner equal_height=&#8220;yes&#8220; content_placement=&#8220;middle&#8220;][vc_column_inner width=&#8220;1\/4&#8243;][vc_single_image image=&#8220;3820&#8243; img_size=&#8220;full&#8220; alignment=&#8220;center&#8220;][\/vc_column_inner][vc_column_inner width=&#8220;3\/4&#8243;][vc_column_text]<\/p>\n<h3>Messen eines kompletten Radsatzes<\/h3>\n<p>Wheelscan misst einen kompletten, horizontalen Radsatzstapel. Die Messung ben\u00f6tigt ca. 20 Sekunden.[\/vc_column_text][\/vc_column_inner][\/vc_row_inner][\/vc_column][\/vc_row][\/vc_section][vc_section full_width=&#8220;stretch_row&#8220; el_class=&#8220;bottom-hero-section-page&#8220;][vc_row el_class=&#8220;bottom-hero-page&#8220;][vc_column el_class=&#8220;bottom-hero-row-page&#8220;][vc_row_inner el_class=&#8220;test3&#8243;][vc_column_inner width=&#8220;2\/5&#8243;][vc_column_text]<\/p>\n<h4>Kooperation mit Svenska Lager \/ Wheelsystem360<\/h4>\n<p>Seit Beginn unserer T\u00e4tigkeit kooperieren wir mit Svenska Lager \/ Wheelsystem360. Wheelscan ist in die Radwaschanlage WS SPA von Svenska Lager \/ Wheelsystem360 integriert. In Verbindung mit der Radw\u00e4sche messen wir die Profltife, wenn die R\u00e4der gereinigt werden.<\/p>\n<p>Wheelscan ist so integriert, dass die Reinigungszeit nicht verl\u00e4ngert wird. Die Profiltiefe wird komplett ohne zus\u00e4tzlichen Zeitaufwand gemessen und ist \u00e4u\u00dferst exakt und komplett automatisiert. WS SPA ist eine vollautomatische Radw\u00e4sche. Weitere Informationen zur WS SPA finden Sie unter wheelsystem360.de oder <a href=\"http:\/\/svenskalager.se\/\" target=\"_blank\" rel=\"noopener\">svenskalager.se.<\/a>[\/vc_column_text][\/vc_column_inner][vc_column_inner width=&#8220;1\/5&#8243; css=&#8220;.vc_custom_1676022129159{margin: 0px !important;padding: 0px !important;}&#8220;][\/vc_column_inner][vc_column_inner width=&#8220;2\/5&#8243;][vc_column_text]<\/p>\n<h4>Integrationen<\/h4>\n<p>Die Entwicklung reibungsloser Integrationen in die Systeme unserer Kunden hat f\u00fcr uns hohe Priorit\u00e4t. Um effektive digitale Arbeitsabl\u00e4ufe zu schaffen, ist es erforderlich, dass unsere Systeme mit den Systemen unserer Kunden zusammenarbeiten.<br \/>\nHeute sind wir in die am h\u00e4ufigsten verwendeten Systeme der Branche integriert.<br \/>\nSind Sie unsicher, ob wir mit Ihrem System integriert sind? Kontaktieren Sie uns gerne.[\/vc_column_text][\/vc_column_inner][\/vc_row_inner][\/vc_column][\/vc_row][\/vc_section]<\/p>\n","protected":false},"excerpt":{"rendered":"<p>[vc_section full_width=&#8220;stretch_row_content&#8220; el_class=&#8220;top-hero&#8220; css=&#8220;.vc_custom_1674721738857{background-image: url(https:\/\/www.wheelscanning.se\/wp-content\/uploads\/2023\/01\/top-bg-alla-prod.jpg?id=3774) !important;background-position: center !important;background-repeat: no-repeat !important;background-size: cover !important;}&#8220;][vc_row equal_height=&#8220;yes&#8220; css=&#8220;.vc_custom_1671715541521{background-position: center !important;background-repeat: no-repeat !important;background-size: contain !important;}&#8220; el_class=&#8220;toplayer-bg&#8220;][vc_column width=&#8220;1\/2&#8243; el_class=&#8220;toplayer-left-bg withoutimg&#8220;][vc_row_inner content_placement=&#8220;top&#8220;][vc_column_inner el_class=&#8220;topcontent&#8220;][vc_column_text<span class=\"excerpt-hellip\"> [\u2026]<\/span><\/p>\n","protected":false},"author":5,"featured_media":0,"parent":0,"menu_order":0,"comment_status":"closed","ping_status":"open","template":"","meta":{"footnotes":""},"class_list":["post-4308","page","type-page","status-publish","hentry"],"_links":{"self":[{"href":"https:\/\/www.wheelscanning.se\/de\/wp-json\/wp\/v2\/pages\/4308","targetHints":{"allow":["GET"]}}],"collection":[{"href":"https:\/\/www.wheelscanning.se\/de\/wp-json\/wp\/v2\/pages"}],"about":[{"href":"https:\/\/www.wheelscanning.se\/de\/wp-json\/wp\/v2\/types\/page"}],"author":[{"embeddable":true,"href":"https:\/\/www.wheelscanning.se\/de\/wp-json\/wp\/v2\/users\/5"}],"replies":[{"embeddable":true,"href":"https:\/\/www.wheelscanning.se\/de\/wp-json\/wp\/v2\/comments?post=4308"}],"version-history":[{"count":9,"href":"https:\/\/www.wheelscanning.se\/de\/wp-json\/wp\/v2\/pages\/4308\/revisions"}],"predecessor-version":[{"id":4715,"href":"https:\/\/www.wheelscanning.se\/de\/wp-json\/wp\/v2\/pages\/4308\/revisions\/4715"}],"wp:attachment":[{"href":"https:\/\/www.wheelscanning.se\/de\/wp-json\/wp\/v2\/media?parent=4308"}],"curies":[{"name":"wp","href":"https:\/\/api.w.org\/{rel}","templated":true}]}}