{"id":4330,"date":"2023-01-27T13:44:43","date_gmt":"2023-01-27T12:44:43","guid":{"rendered":"https:\/\/www.wheelscanning.se\/produkt-wheelspec-read\/"},"modified":"2023-03-01T14:19:22","modified_gmt":"2023-03-01T13:19:22","slug":"produkte-wheelspec-read","status":"publish","type":"page","link":"https:\/\/www.wheelscanning.se\/de\/produkte-wheelspec-read\/","title":{"rendered":"Wheelspec Read"},"content":{"rendered":"<p>[vc_section full_width=&#8220;stretch_row_content&#8220; el_class=&#8220;top-hero&#8220; css=&#8220;.vc_custom_1674820780632{background-position: center !important;background-repeat: no-repeat !important;background-size: cover !important;}&#8220;][vc_row equal_height=&#8220;yes&#8220; css=&#8220;.vc_custom_1671715541521{background-position: center !important;background-repeat: no-repeat !important;background-size: contain !important;}&#8220; el_class=&#8220;toplayer-bg&#8220;][vc_column width=&#8220;1\/2&#8243; el_class=&#8220;toplayer-left-bg&#8220;][vc_row_inner content_placement=&#8220;top&#8220;][vc_column_inner el_class=&#8220;topcontent&#8220;][vc_column_text el_class=&#8220;toptext&#8220;]<\/p>\n<h1>Wheelspec Read<\/h1>\n<p>Die Bewirtschaftung eines R\u00e4derlagers ist keine einfache Angelegenheit. Ein neuer Kunde geht einher mit der Datenregistrierung. Eine Registrierung, die sowohl zeitaufw\u00e4ndig als auch umst\u00e4ndlich ist. Datenerfassung umfasst im Normalfall Kundendaten sowie Reifen- und Felgeninformationen.<\/p>\n<p>Sparen Sie Zeit und gewinnen Sie \u00dcbersicht![\/vc_column_text][vc_btn title=&#8220;Kontakt&#8220; style=&#8220;custom&#8220; custom_background=&#8220;&#8220; custom_text=&#8220;#ffffff&#8220; shape=&#8220;square&#8220; align=&#8220;left&#8220; link=&#8220;url:%2Fde%2Fkontakt%2F|title:Kontakt&#8220;][\/vc_column_inner][\/vc_row_inner][\/vc_column][vc_column width=&#8220;1\/2&#8243; el_class=&#8220;topcontent-right&#8220;][vc_raw_html el_class=&#8220;top-right-image&#8220;]JTNDZGl2JTIwY2xhc3MlM0QlMjJzdGFydGRhY2slMjIlM0UlMEElM0NpbWclMjBzcmMlM0QlMjIlMkZ3cC1jb250ZW50JTJGdXBsb2FkcyUyRjIwMjMlMkYwMiUyRldILXdoZWVsc3BlY3JlYWQtdGV4dC1kZS5zdmclMjIlMjB3aWR0aCUzRCUyMjYyNyUyMiUyMHVzZW1hcCUzRCUyMiUyM2ltYWdlLW1hcCUyMiUzRSUwQSUwQSUzQ21hcCUyMG5hbWUlM0QlMjJpbWFnZS1tYXAlMjIlM0UlMjAlMjAlMEElM0MlMkZtYXAlM0UlMEElM0NkaXYlM0U=[\/vc_raw_html][\/vc_column][\/vc_row][\/vc_section][vc_section full_width=&#8220;stretch_row&#8220; el_class=&#8220;content-bg&#8220;][vc_row gap=&#8220;35&#8243; el_class=&#8220;content-middle&#8220;][vc_column][vc_video link=&#8220;https:\/\/youtu.be\/ThTTgcOyVbY&#8220; align=&#8220;center&#8220;][\/vc_column][\/vc_row][\/vc_section][vc_section el_class=&#8220;content-bottom&#8220;][vc_row gap=&#8220;35&#8243; equal_height=&#8220;yes&#8220; content_placement=&#8220;middle&#8220;][vc_column width=&#8220;1\/2&#8243;][vc_column_text]Wheelspec Read ist ein selbst entwickeltes Produkt, das auf Deep-Learning-KI basiert. Beim Deep Learning handelt es sich um ein komplexes Lernen auf mehreren Ebenen. Unsere KI-Modelle verarbeiten Reifeninformationen, um diese zu identifizieren, zu kategorisieren und auszulesen.[\/vc_column_text][\/vc_column][vc_column width=&#8220;1\/2&#8243;][vc_single_image image=&#8220;4162&#8243; img_size=&#8220;full&#8220; alignment=&#8220;center&#8220;][\/vc_column][\/vc_row][vc_row gap=&#8220;35&#8243; equal_height=&#8220;yes&#8220; content_placement=&#8220;middle&#8220; el_class=&#8220;mob-rev&#8220;][vc_column width=&#8220;1\/2&#8243;][vc_single_image image=&#8220;4166&#8243; img_size=&#8220;full&#8220; alignment=&#8220;center&#8220;][\/vc_column][vc_column width=&#8220;1\/2&#8243;][vc_column_text]Mit nur einem Foto des Rades sind wir in der Lage, vollautomatisch Ma\u00dfe, Fabrikat und Modell mit h\u00f6chster Genauigkeit auszulesen. Zus\u00e4tzlich zu den Daten wird von jedem Rad ein Bild des Reifens geliefert. Sowohl f\u00fcr den internen als auch f\u00fcr den externen Gebrauch.[\/vc_column_text][\/vc_column][\/vc_row][vc_row gap=&#8220;35&#8243; equal_height=&#8220;yes&#8220; content_placement=&#8220;middle&#8220;][vc_column width=&#8220;1\/2&#8243;][vc_column_text]Wheelspec Read ist, ebenso wie Wheelspec Rim, in die R\u00e4derw\u00e4sche WS SPA integriert. Die Bilder der R\u00e4der bzw. Reifen werden komplett ohne manuelle Hebet\u00e4tigkeiten und ohne zus\u00e4tzlichen Zeitaufwand, Rad f\u00fcr Rad, aufzeichnet.[\/vc_column_text][\/vc_column][vc_column width=&#8220;1\/2&#8243;][vc_single_image image=&#8220;4169&#8243; img_size=&#8220;full&#8220; alignment=&#8220;center&#8220;][\/vc_column][\/vc_row][\/vc_section]<\/p>\n","protected":false},"excerpt":{"rendered":"<p>[vc_section full_width=&#8220;stretch_row_content&#8220; el_class=&#8220;top-hero&#8220; css=&#8220;.vc_custom_1674820780632{background-position: center !important;background-repeat: no-repeat !important;background-size: cover !important;}&#8220;][vc_row equal_height=&#8220;yes&#8220; css=&#8220;.vc_custom_1671715541521{background-position: center !important;background-repeat: no-repeat !important;background-size: contain !important;}&#8220; el_class=&#8220;toplayer-bg&#8220;][vc_column width=&#8220;1\/2&#8243; el_class=&#8220;toplayer-left-bg&#8220;][vc_row_inner content_placement=&#8220;top&#8220;][vc_column_inner el_class=&#8220;topcontent&#8220;][vc_column_text el_class=&#8220;toptext&#8220;] Wheelspec Read<span class=\"excerpt-hellip\"> [\u2026]<\/span><\/p>\n","protected":false},"author":5,"featured_media":0,"parent":0,"menu_order":0,"comment_status":"closed","ping_status":"closed","template":"","meta":{"footnotes":""},"class_list":["post-4330","page","type-page","status-publish","hentry"],"_links":{"self":[{"href":"https:\/\/www.wheelscanning.se\/de\/wp-json\/wp\/v2\/pages\/4330","targetHints":{"allow":["GET"]}}],"collection":[{"href":"https:\/\/www.wheelscanning.se\/de\/wp-json\/wp\/v2\/pages"}],"about":[{"href":"https:\/\/www.wheelscanning.se\/de\/wp-json\/wp\/v2\/types\/page"}],"author":[{"embeddable":true,"href":"https:\/\/www.wheelscanning.se\/de\/wp-json\/wp\/v2\/users\/5"}],"replies":[{"embeddable":true,"href":"https:\/\/www.wheelscanning.se\/de\/wp-json\/wp\/v2\/comments?post=4330"}],"version-history":[{"count":6,"href":"https:\/\/www.wheelscanning.se\/de\/wp-json\/wp\/v2\/pages\/4330\/revisions"}],"predecessor-version":[{"id":4396,"href":"https:\/\/www.wheelscanning.se\/de\/wp-json\/wp\/v2\/pages\/4330\/revisions\/4396"}],"wp:attachment":[{"href":"https:\/\/www.wheelscanning.se\/de\/wp-json\/wp\/v2\/media?parent=4330"}],"curies":[{"name":"wp","href":"https:\/\/api.w.org\/{rel}","templated":true}]}}