{"id":4339,"date":"2023-01-27T14:27:21","date_gmt":"2023-01-27T13:27:21","guid":{"rendered":"https:\/\/www.wheelscanning.se\/produkt-wheelspec-rim\/"},"modified":"2023-03-01T14:21:12","modified_gmt":"2023-03-01T13:21:12","slug":"produkte-wheelspec-rim","status":"publish","type":"page","link":"https:\/\/www.wheelscanning.se\/de\/produkte-wheelspec-rim\/","title":{"rendered":"Wheelspec Rim"},"content":{"rendered":"<p>[vc_section full_width=&#8220;stretch_row_content&#8220; el_class=&#8220;top-hero&#8220; css=&#8220;.vc_custom_1674820780632{background-position: center !important;background-repeat: no-repeat !important;background-size: cover !important;}&#8220;][vc_row equal_height=&#8220;yes&#8220; css=&#8220;.vc_custom_1671715541521{background-position: center !important;background-repeat: no-repeat !important;background-size: contain !important;}&#8220; el_class=&#8220;toplayer-bg&#8220;][vc_column width=&#8220;1\/2&#8243; el_class=&#8220;toplayer-left-bg&#8220;][vc_row_inner content_placement=&#8220;top&#8220;][vc_column_inner el_class=&#8220;topcontent&#8220;][vc_column_text el_class=&#8220;toptext&#8220;]<\/p>\n<h1>Wheelspec Rim<\/h1>\n<p>Diese komplett selbst entwickelte Technologie basiert auf komplexen Algorithmen und KI-Modellen. Gemeinsam generieren diese Analysen von bis zu 98 % Genauigkeit. Dass k\u00fcnstliche Intelligenz zum Einsatz kommen w\u00fcrde, um das Gesch\u00e4ft der Werkst\u00e4tten auszubauen, glaubten vor einigen Jahren nicht viele. Tats\u00e4chlich ist KI auf vielen Ebenen effektiv. Nicht zuletzt um Felgensch\u00e4den zu identifizieren.<\/p>\n<p>Ausbau Ihres R\u00e4dergesch\u00e4fts mit Wheelspec Rim![\/vc_column_text][vc_btn title=&#8220;Kontakt&#8220; style=&#8220;custom&#8220; custom_background=&#8220;&#8220; custom_text=&#8220;#ffffff&#8220; shape=&#8220;square&#8220; align=&#8220;left&#8220; link=&#8220;url:%2Fde%2Fkontakt%2F|title:Kontakt&#8220;][\/vc_column_inner][\/vc_row_inner][\/vc_column][vc_column width=&#8220;1\/2&#8243; el_class=&#8220;topcontent-right&#8220;][vc_raw_html el_class=&#8220;top-right-image&#8220;]JTNDZGl2JTIwY2xhc3MlM0QlMjJzdGFydGRhY2slMjIlM0UlMEElM0NpbWclMjBzcmMlM0QlMjIlMkZ3cC1jb250ZW50JTJGdXBsb2FkcyUyRjIwMjMlMkYwMiUyRldILXdoZWVsc3BlY3JpbS10ZXh0LWRlLnN2ZyUyMiUyMHdpZHRoJTNEJTIyNjI3JTIyJTIwdXNlbWFwJTNEJTIyJTIzaW1hZ2UtbWFwJTIyJTNFJTBBJTBBJTNDbWFwJTIwbmFtZSUzRCUyMmltYWdlLW1hcCUyMiUzRSUyMCUyMCUwQSUzQyUyRm1hcCUzRSUwQSUzQ2RpdiUzRQ==[\/vc_raw_html][\/vc_column][\/vc_row][\/vc_section][vc_section full_width=&#8220;stretch_row&#8220; el_class=&#8220;content-bg&#8220;][vc_row gap=&#8220;35&#8243; el_class=&#8220;content-middle&#8220;][vc_column][vc_video link=&#8220;https:\/\/youtu.be\/l_2HDVOygEc&#8220; align=&#8220;center&#8220;][\/vc_column][\/vc_row][\/vc_section][vc_section el_class=&#8220;content-bottom&#8220;][vc_row gap=&#8220;35&#8243; equal_height=&#8220;yes&#8220; content_placement=&#8220;middle&#8220;][vc_column width=&#8220;1\/2&#8243;][vc_column_text]Wheelspec Rim identifiziert und filtert mittels KI und Algorithmen Felgensch\u00e4den. Hierbei sucht Wheelspec nach Besch\u00e4digungen am Rand der elge. Das Resultat wird anschlie\u00dfend automatisch an Ihr undenmanagementsystem transferiert. Erg\u00e4nzend hierzu wird von jeder Felge ein Bild versendet, das dem Endkunden \u00fcber einen Bericht pr\u00e4sentiert werden kann.[\/vc_column_text][\/vc_column][vc_column width=&#8220;1\/2&#8243;][vc_single_image image=&#8220;4140&#8243; img_size=&#8220;full&#8220; alignment=&#8220;center&#8220; el_class=&#8220;ram&#8220;][\/vc_column][\/vc_row][vc_row gap=&#8220;35&#8243; equal_height=&#8220;yes&#8220; content_placement=&#8220;middle&#8220; el_class=&#8220;mob-rev&#8220;][vc_column width=&#8220;1\/2&#8243;][vc_single_image image=&#8220;3863&#8243; img_size=&#8220;full&#8220; alignment=&#8220;center&#8220;][\/vc_column][vc_column width=&#8220;1\/2&#8243;][vc_column_text]Wheelspec ist in die R\u00e4derw\u00e4sche WS SPA integriert, d.h. Bilder der Felgen werden in Verbindung mit dem Reinigungsprozess aufgezeichnet. Vollautomatisch und ohne zus\u00e4tzlichen Zeitaufwand.[\/vc_column_text][\/vc_column][\/vc_row][\/vc_section]<\/p>\n","protected":false},"excerpt":{"rendered":"<p>[vc_section full_width=&#8220;stretch_row_content&#8220; el_class=&#8220;top-hero&#8220; css=&#8220;.vc_custom_1674820780632{background-position: center !important;background-repeat: no-repeat !important;background-size: cover !important;}&#8220;][vc_row equal_height=&#8220;yes&#8220; css=&#8220;.vc_custom_1671715541521{background-position: center !important;background-repeat: no-repeat !important;background-size: contain !important;}&#8220; el_class=&#8220;toplayer-bg&#8220;][vc_column width=&#8220;1\/2&#8243; el_class=&#8220;toplayer-left-bg&#8220;][vc_row_inner content_placement=&#8220;top&#8220;][vc_column_inner el_class=&#8220;topcontent&#8220;][vc_column_text el_class=&#8220;toptext&#8220;] Wheelspec Rim<span class=\"excerpt-hellip\"> [\u2026]<\/span><\/p>\n","protected":false},"author":5,"featured_media":0,"parent":0,"menu_order":0,"comment_status":"closed","ping_status":"closed","template":"","meta":{"footnotes":""},"class_list":["post-4339","page","type-page","status-publish","hentry"],"_links":{"self":[{"href":"https:\/\/www.wheelscanning.se\/de\/wp-json\/wp\/v2\/pages\/4339","targetHints":{"allow":["GET"]}}],"collection":[{"href":"https:\/\/www.wheelscanning.se\/de\/wp-json\/wp\/v2\/pages"}],"about":[{"href":"https:\/\/www.wheelscanning.se\/de\/wp-json\/wp\/v2\/types\/page"}],"author":[{"embeddable":true,"href":"https:\/\/www.wheelscanning.se\/de\/wp-json\/wp\/v2\/users\/5"}],"replies":[{"embeddable":true,"href":"https:\/\/www.wheelscanning.se\/de\/wp-json\/wp\/v2\/comments?post=4339"}],"version-history":[{"count":5,"href":"https:\/\/www.wheelscanning.se\/de\/wp-json\/wp\/v2\/pages\/4339\/revisions"}],"predecessor-version":[{"id":4397,"href":"https:\/\/www.wheelscanning.se\/de\/wp-json\/wp\/v2\/pages\/4339\/revisions\/4397"}],"wp:attachment":[{"href":"https:\/\/www.wheelscanning.se\/de\/wp-json\/wp\/v2\/media?parent=4339"}],"curies":[{"name":"wp","href":"https:\/\/api.w.org\/{rel}","templated":true}]}}