{"id":4348,"date":"2023-01-27T14:36:07","date_gmt":"2023-01-27T13:36:07","guid":{"rendered":"https:\/\/www.wheelscanning.se\/om-oss\/"},"modified":"2024-10-30T09:06:35","modified_gmt":"2024-10-30T08:06:35","slug":"uber-uns","status":"publish","type":"page","link":"https:\/\/www.wheelscanning.se\/de\/uber-uns\/","title":{"rendered":"\u00dcber uns"},"content":{"rendered":"<p>[vc_section full_width=&#8220;stretch_row_content&#8220; el_class=&#8220;top-hero&#8220; css=&#8220;.vc_custom_1677230477042{background-image: url(https:\/\/www.wheelscanning.se\/wp-content\/uploads\/2023\/02\/topp-omoss.jpg?id=4193) !important;background-position: center !important;background-repeat: no-repeat !important;background-size: cover !important;}&#8220;][vc_row equal_height=&#8220;yes&#8220; css=&#8220;.vc_custom_1671715541521{background-position: center !important;background-repeat: no-repeat !important;background-size: contain !important;}&#8220; el_class=&#8220;toplayer-bg&#8220;][vc_column width=&#8220;1\/2&#8243; el_class=&#8220;toplayer-left-bg withoutimg&#8220;][vc_row_inner content_placement=&#8220;top&#8220;][vc_column_inner el_class=&#8220;topcontent&#8220;][vc_column_text el_class=&#8220;toptext&#8220;]<\/p>\n<h1>\u00dcber uns<\/h1>\n<p>Wheelscanning Sweden AB startete als ein Spin-Off bei SAAB. Wir schaffen L\u00f6sungen, die Zeit sparen , die Qualit\u00e4t steigern und neue Absatzm\u00f6glichkeiten f\u00fcr den Reifen- und Kfz-Handel generieren. Unsere Produkte basieren auf Stereokamera-Technologie. Diese Technologie erstellt aus mehreren Bildern ein 3D-Modell, in welchem s\u00e4mtliche relevante Parameter messbar sind. Sie liefert uns einheitliche und akkurate Ergebnisse.[\/vc_column_text][\/vc_column_inner][\/vc_row_inner][\/vc_column][vc_column width=&#8220;1\/2&#8243; el_class=&#8220;topcontent-right&#8220;][\/vc_column][\/vc_row][\/vc_section][vc_section full_width=&#8220;stretch_row&#8220; el_class=&#8220;content-bg&#8220;][vc_row gap=&#8220;35&#8243; el_class=&#8220;content-middle-about&#8220;][vc_column][vc_row_inner equal_height=&#8220;yes&#8220; content_placement=&#8220;middle&#8220; gap=&#8220;35&#8243;][vc_column_inner width=&#8220;1\/2&#8243;][vc_column_text]<\/p>\n<h2>Automatisieren, digitalisieren und optimieren<\/h2>\n<p>In einer Branche, die vor Digitalisierung und Modernisierung steht, ist es unser Ziel, effektive und wettbewerbsf\u00e4hige Werkzeuge bereitzustellen, die den Werkst\u00e4tten Zeit sparen, die Qualit\u00e4t erh\u00f6hen und die Rentabilit\u00e4t steigern. Mit umfassendem Branchenwissen tragen wir zu revolution\u00e4rer Technik bei.[\/vc_column_text][\/vc_column_inner][vc_column_inner width=&#8220;1\/2&#8243;][vc_single_image image=&#8220;3026&#8243; img_size=&#8220;full&#8220; el_class=&#8220;ram&#8220;][\/vc_column_inner][\/vc_row_inner][vc_row_inner equal_height=&#8220;yes&#8220; content_placement=&#8220;middle&#8220; gap=&#8220;35&#8243; el_class=&#8220;mob-rev&#8220;][vc_column_inner width=&#8220;1\/2&#8243;][vc_single_image image=&#8220;3913&#8243; img_size=&#8220;full&#8220;][\/vc_column_inner][vc_column_inner width=&#8220;1\/2&#8243;][vc_column_text]<\/p>\n<h2>Das Team<\/h2>\n<p>Wir bei Wheelscanning verf\u00fcgen \u00fcber umfassendes Branchenwissen und haben eine Leidenschaft f\u00fcr Automatisierung und Digitalisierung. Effiziente Arbeitsabl\u00e4ufe durch starke Integrationen zu schaffen, ist etwas, f\u00fcr das wir brennen. Unser Ursprung liegt in V\u00e4rnamo, und wir arbeiten mit mehreren lokalen Unternehmen in den Bereichen Entwicklung, Produktion und Vertrieb zusammen.[\/vc_column_text][\/vc_column_inner][\/vc_row_inner][vc_row_inner equal_height=&#8220;yes&#8220; content_placement=&#8220;middle&#8220; gap=&#8220;35&#8243;][vc_column_inner width=&#8220;1\/2&#8243;][vc_column_text]<\/p>\n<h2>Nachhaltigkeit und Umwelt<\/h2>\n<p>Unser Engagement f\u00fcr Nachhaltigkeit ist gro\u00df, und unsere Produkte sollen stets zur Sicherheit und zum Umweltschutz beitragen. Den richtigen Zeitpunkt zum Reifenwechsel zu finden, ist nicht immer einfach. Mit pr\u00e4zisen Messergebnissen und klaren Verbraucherberichten unterst\u00fctzen wir sowohl Werkst\u00e4tten als auch Kunden dabei, die Reifen zur richtigen Zeit zu wechseln \u2013 weder zu fr\u00fch noch zu sp\u00e4t.<br \/>\nUnsere Unterlagen zeigen auch deutlich, ob die Reifen ungleichm\u00e4\u00dfig abgenutzt sind. Ein Reifen mit ungleichm\u00e4\u00dfiger Abnutzung f\u00fchrt zu einem h\u00f6heren Kraftstoffverbrauch, geringerer Leistung und einer schnelleren Abnutzung. Durch das Erkennen dieser ungleichm\u00e4\u00dfigen Abnutzung kann die Werkstatt rechtzeitig die Ursache mit einer Achsvermessung beheben.[\/vc_column_text][\/vc_column_inner][vc_column_inner width=&#8220;1\/2&#8243;][vc_single_image image=&#8220;4144&#8243; img_size=&#8220;full&#8220;][\/vc_column_inner][\/vc_row_inner][\/vc_column][\/vc_row][\/vc_section][vc_section el_class=&#8220;uspar&#8220;][vc_row gap=&#8220;20&#8243; equal_height=&#8220;yes&#8220;][vc_column width=&#8220;1\/3&#8243;][vc_row_inner equal_height=&#8220;yes&#8220; content_placement=&#8220;middle&#8220; el_class=&#8220;boxdblue&#8220;][vc_column_inner][vc_column_text]<\/p>\n<h3>Zus\u00e4tzlicher Umsatz<\/h3>\n<p>Der Verkauf von Reifen und der Achsvermessung gestaltet sich wesentlich einfacher mit einem Bild, das den Verschlei\u00df deutlich aufzeigt.[\/vc_column_text][\/vc_column_inner][\/vc_row_inner][\/vc_column][vc_column width=&#8220;1\/3&#8243;][vc_row_inner equal_height=&#8220;yes&#8220; content_placement=&#8220;middle&#8220; el_class=&#8220;boxlblue&#8220;][vc_column_inner][vc_column_text]<\/p>\n<h3>Zeitersparnis<\/h3>\n<p>Sparen Sie Zeit und Energie und gewinnen Sie die Kontrolle \u00fcber den Status Ihrer Reifen in Ihrem R\u00e4derlager.[\/vc_column_text][\/vc_column_inner][\/vc_row_inner][\/vc_column][vc_column width=&#8220;1\/3&#8243;][vc_row_inner equal_height=&#8220;yes&#8220; content_placement=&#8220;middle&#8220; el_class=&#8220;boxgreen&#8220;][vc_column_inner][vc_column_text]<\/p>\n<h3>Kundennutzen<\/h3>\n<p>In einer Branche bevorstehender Digitalisierung und Modernisierung ist es wichtig, dem Kunden das gewisse Extra anzubieten.[\/vc_column_text][\/vc_column_inner][\/vc_row_inner][\/vc_column][\/vc_row][\/vc_section][vc_section full_width=&#8220;stretch_row&#8220; el_class=&#8220;bottom-hero-section-page&#8220;][vc_row el_class=&#8220;bottom-hero-page&#8220;][vc_column width=&#8220;1\/3&#8243; el_class=&#8220;bottom-hero-row-page&#8220;][\/vc_column][vc_column width=&#8220;1\/3&#8243;][\/vc_column][vc_column width=&#8220;1\/3&#8243;][\/vc_column][\/vc_row][\/vc_section]<\/p>\n","protected":false},"excerpt":{"rendered":"<p>[vc_section full_width=&#8220;stretch_row_content&#8220; el_class=&#8220;top-hero&#8220; css=&#8220;.vc_custom_1677230477042{background-image: url(https:\/\/www.wheelscanning.se\/wp-content\/uploads\/2023\/02\/topp-omoss.jpg?id=4193) !important;background-position: center !important;background-repeat: no-repeat !important;background-size: cover !important;}&#8220;][vc_row equal_height=&#8220;yes&#8220; css=&#8220;.vc_custom_1671715541521{background-position: center !important;background-repeat: no-repeat !important;background-size: contain !important;}&#8220; el_class=&#8220;toplayer-bg&#8220;][vc_column width=&#8220;1\/2&#8243; el_class=&#8220;toplayer-left-bg withoutimg&#8220;][vc_row_inner content_placement=&#8220;top&#8220;][vc_column_inner el_class=&#8220;topcontent&#8220;][vc_column_text<span class=\"excerpt-hellip\"> [\u2026]<\/span><\/p>\n","protected":false},"author":5,"featured_media":0,"parent":0,"menu_order":0,"comment_status":"closed","ping_status":"open","template":"","meta":{"footnotes":""},"class_list":["post-4348","page","type-page","status-publish","hentry"],"_links":{"self":[{"href":"https:\/\/www.wheelscanning.se\/de\/wp-json\/wp\/v2\/pages\/4348","targetHints":{"allow":["GET"]}}],"collection":[{"href":"https:\/\/www.wheelscanning.se\/de\/wp-json\/wp\/v2\/pages"}],"about":[{"href":"https:\/\/www.wheelscanning.se\/de\/wp-json\/wp\/v2\/types\/page"}],"author":[{"embeddable":true,"href":"https:\/\/www.wheelscanning.se\/de\/wp-json\/wp\/v2\/users\/5"}],"replies":[{"embeddable":true,"href":"https:\/\/www.wheelscanning.se\/de\/wp-json\/wp\/v2\/comments?post=4348"}],"version-history":[{"count":5,"href":"https:\/\/www.wheelscanning.se\/de\/wp-json\/wp\/v2\/pages\/4348\/revisions"}],"predecessor-version":[{"id":4716,"href":"https:\/\/www.wheelscanning.se\/de\/wp-json\/wp\/v2\/pages\/4348\/revisions\/4716"}],"wp:attachment":[{"href":"https:\/\/www.wheelscanning.se\/de\/wp-json\/wp\/v2\/media?parent=4348"}],"curies":[{"name":"wp","href":"https:\/\/api.w.org\/{rel}","templated":true}]}}