{"id":4363,"date":"2023-01-30T10:30:06","date_gmt":"2023-01-30T09:30:06","guid":{"rendered":"https:\/\/www.wheelscanning.se\/integritetspolicy\/"},"modified":"2024-10-30T09:13:25","modified_gmt":"2024-10-30T08:13:25","slug":"datenschutzbestimmungen","status":"publish","type":"page","link":"https:\/\/www.wheelscanning.se\/de\/datenschutzbestimmungen\/","title":{"rendered":"Datenschutzbestimmungen"},"content":{"rendered":"<p>[vc_section full_width=&#8220;stretch_row_content&#8220; el_class=&#8220;top-hero&#8220; css=&#8220;.vc_custom_1677673734265{background-image: url(https:\/\/www.wheelscanning.se\/wp-content\/uploads\/2023\/03\/topp-gdpr.jpg?id=4371) !important;background-position: center !important;background-repeat: no-repeat !important;background-size: cover !important;}&#8220;][vc_row equal_height=&#8220;yes&#8220; css=&#8220;.vc_custom_1671715541521{background-position: center !important;background-repeat: no-repeat !important;background-size: contain !important;}&#8220; el_class=&#8220;toplayer-bg&#8220;][vc_column width=&#8220;1\/2&#8243; el_class=&#8220;toplayer-left-bg withoutimg&#8220;][vc_row_inner content_placement=&#8220;top&#8220;][vc_column_inner el_class=&#8220;topcontent&#8220;][vc_column_text el_class=&#8220;toptext&#8220;]<\/p>\n<h1>Datenschutzbestimmungen<\/h1>\n<p>F\u00fcr Wheelscanning ist der sichere Umgang mit Ihren pers\u00f6nlichen Daten wichtig. Nachfolgend informieren wir Sie \u00fcber unsere aktuelle Datenschutzrichtlinie. Bei Fragen kontaktieren Sie uns bitte per E-Mail oder Telefon.[\/vc_column_text][\/vc_column_inner][\/vc_row_inner][\/vc_column][vc_column width=&#8220;1\/2&#8243; el_class=&#8220;topcontent-right&#8220;][\/vc_column][\/vc_row][\/vc_section][vc_section][vc_row gap=&#8220;35&#8243;][vc_column][vc_row_inner][vc_column_inner width=&#8220;1\/2&#8243;][vc_column_text]<\/p>\n<h3>Datenerfassung<\/h3>\n<p>Wir erfassen Informationen \u00fcber Sie, wenn Sie uns \u00fcber unsere Website kontaktieren. Die gesammelten Informationen umfassen Namen, E-Mail-Adresse und Telefonnummer. Au\u00dferdem erhalten und speichern wir automatisch Informationen \u00fcber Ihren Browser, einschlie\u00dflich Ihrer IP-Adresse sowie Angaben zu Software und Hardware.<\/p>\n<h3>Verwendung der Informationen<\/h3>\n<p>Die erfassten Informationen k\u00f6nnen verwendet werden, um Sie per E-Mail oder Telefon zu kontaktieren. Sie k\u00f6nnen auch genutzt werden, um unsere Website zu verbessern, Angebote bereitzustellen oder Umfragen durchzuf\u00fchren.<\/p>\n<h3>Weitergabe an Dritte<\/h3>\n<p>Wir verkaufen, handeln oder \u00fcbertragen keine pers\u00f6nlich identifizierbaren Informationen an Dritte ohne Ihre vorherige Zustimmung. Dies schlie\u00dft vertrauensw\u00fcrdige Dritte nicht ein, die uns beim Betrieb unserer Website oder unseres Unternehmens unterst\u00fctzen, sofern diese Parteien sich verpflichten, die Informationen vertraulich zu behandeln. Wir halten es f\u00fcr notwendig, Informationen auszutauschen, um illegale Aktivit\u00e4ten, vermuteten Betrug, Situationen mit potenziellen Risiken f\u00fcr die physische Sicherheit einer Person, Verst\u00f6\u00dfe gegen unsere Nutzungsbedingungen oder andere gesetzlich erforderliche F\u00e4lle zu untersuchen, zu verhindern oder Ma\u00dfnahmen zu ergreifen.<\/p>\n<h3>Datenschutz<\/h3>\n<p>Nur Mitarbeiter, die eine spezifische Aufgabe ausf\u00fchren, wie Kundenservice oder Rechnungsstellung, haben Zugriff auf pers\u00f6nlich identifizierbare Informationen. Die Computer\/Server, die zur Speicherung personenbezogener Daten verwendet werden, befinden sich in einer sicheren Umgebung.<\/p>\n<h3>Cookies<\/h3>\n<p>Wir verwenden Cookies, um den Zugriff auf unsere Website zu verbessern und wiederkehrende Besucher zu identifizieren. Dar\u00fcber hinaus verbessern unsere Cookies das Benutzererlebnis, indem sie das Interesse der Nutzer verfolgen und gezielt anpassen. Unsere Cookie-Nutzung ist in keiner Weise mit pers\u00f6nlich identifizierbaren Informationen auf unserer Website verbunden.<\/p>\n<h3>Abmeldung vom Newsletter<\/h3>\n<p>Wir verwenden die von Ihnen angegebene E-Mail-Adresse, um Informationen und Updates zu Ihrer Bestellung, gelegentliche Newsletter, relevante Produktinformationen usw. zu senden. Wenn Sie solche Mitteilungen nicht mehr erhalten m\u00f6chten und Ihr Abonnement k\u00fcndigen m\u00f6chten, kontaktieren Sie uns bitte per E-Mail oder Telefon.<\/p>\n<h3>Einwilligung<\/h3>\n<p>Durch die Nutzung unserer Website stimmen Sie unserer Datenschutzrichtlinie zu.[\/vc_column_text][\/vc_column_inner][vc_column_inner width=&#8220;1\/2&#8243;][\/vc_column_inner][\/vc_row_inner][\/vc_column][\/vc_row][\/vc_section]<\/p>\n","protected":false},"excerpt":{"rendered":"<p>[vc_section full_width=&#8220;stretch_row_content&#8220; el_class=&#8220;top-hero&#8220; css=&#8220;.vc_custom_1677673734265{background-image: url(https:\/\/www.wheelscanning.se\/wp-content\/uploads\/2023\/03\/topp-gdpr.jpg?id=4371) !important;background-position: center !important;background-repeat: no-repeat !important;background-size: cover !important;}&#8220;][vc_row equal_height=&#8220;yes&#8220; css=&#8220;.vc_custom_1671715541521{background-position: center !important;background-repeat: no-repeat !important;background-size: contain !important;}&#8220; el_class=&#8220;toplayer-bg&#8220;][vc_column width=&#8220;1\/2&#8243; el_class=&#8220;toplayer-left-bg withoutimg&#8220;][vc_row_inner content_placement=&#8220;top&#8220;][vc_column_inner el_class=&#8220;topcontent&#8220;][vc_column_text<span class=\"excerpt-hellip\"> [\u2026]<\/span><\/p>\n","protected":false},"author":5,"featured_media":0,"parent":0,"menu_order":0,"comment_status":"closed","ping_status":"open","template":"","meta":{"footnotes":""},"class_list":["post-4363","page","type-page","status-publish","hentry"],"_links":{"self":[{"href":"https:\/\/www.wheelscanning.se\/de\/wp-json\/wp\/v2\/pages\/4363","targetHints":{"allow":["GET"]}}],"collection":[{"href":"https:\/\/www.wheelscanning.se\/de\/wp-json\/wp\/v2\/pages"}],"about":[{"href":"https:\/\/www.wheelscanning.se\/de\/wp-json\/wp\/v2\/types\/page"}],"author":[{"embeddable":true,"href":"https:\/\/www.wheelscanning.se\/de\/wp-json\/wp\/v2\/users\/5"}],"replies":[{"embeddable":true,"href":"https:\/\/www.wheelscanning.se\/de\/wp-json\/wp\/v2\/comments?post=4363"}],"version-history":[{"count":9,"href":"https:\/\/www.wheelscanning.se\/de\/wp-json\/wp\/v2\/pages\/4363\/revisions"}],"predecessor-version":[{"id":4717,"href":"https:\/\/www.wheelscanning.se\/de\/wp-json\/wp\/v2\/pages\/4363\/revisions\/4717"}],"wp:attachment":[{"href":"https:\/\/www.wheelscanning.se\/de\/wp-json\/wp\/v2\/media?parent=4363"}],"curies":[{"name":"wp","href":"https:\/\/api.w.org\/{rel}","templated":true}]}}