{"id":1647,"date":"2022-11-28T10:56:26","date_gmt":"2022-11-28T09:56:26","guid":{"rendered":"https:\/\/www.wheelscanning.se\/home\/"},"modified":"2023-03-13T09:06:33","modified_gmt":"2023-03-13T08:06:33","slug":"hem","status":"publish","type":"page","link":"https:\/\/www.wheelscanning.se\/en\/","title":{"rendered":"Home"},"content":{"rendered":"<p>[vc_section full_width=&#8221;stretch_row_content&#8221; el_class=&#8221;top-hero&#8221;][vc_row equal_height=&#8221;yes&#8221; css=&#8221;.vc_custom_1671715541521{background-position: center !important;background-repeat: no-repeat !important;background-size: contain !important;}&#8221; el_class=&#8221;toplayer-bg&#8221;][vc_column width=&#8221;1\/2&#8243; el_class=&#8221;toplayer-left-bg&#8221;][vc_row_inner content_placement=&#8221;top&#8221;][vc_column_inner el_class=&#8221;topcontent&#8221;][vc_column_text el_class=&#8221;toptext&#8221;]<\/p>\n<h1>Welcome to Wheelscanning<\/h1>\n<p>With Wheelscanning, you can streamline your tyre management, generate new sales opportunities and add customer value. Contact us and we will tell you more![\/vc_column_text][vc_btn title=&#8221;Contact us&#8221; style=&#8221;custom&#8221; custom_background=&#8221;&#8221; custom_text=&#8221;#ffffff&#8221; shape=&#8221;square&#8221; align=&#8221;left&#8221; link=&#8221;url:%2Fen%2Fcontact%2F|title:Contact&#8221;][\/vc_column_inner][\/vc_row_inner][\/vc_column][vc_column width=&#8221;1\/2&#8243; el_class=&#8221;topcontent-right&#8221;][vc_raw_html el_class=&#8221;top-right-image&#8221;]JTNDZGl2JTIwY2xhc3MlM0QlMjJzdGFydGRhY2slMjIlM0UlMEElM0NpbWclMjBzcmMlM0QlMjIlMkZ3cC1jb250ZW50JTJGdXBsb2FkcyUyRjIwMjMlMkYwMiUyRldILXN0YXJ0LXRleHQtZW4uc3ZnJTIyJTIwd2lkdGglM0QlMjI2MjclMjIlMjB1c2VtYXAlM0QlMjIlMjNpbWFnZS1tYXAlMjIlM0UlMEElMEElM0NtYXAlMjBuYW1lJTNEJTIyaW1hZ2UtbWFwJTIyJTNFJTBBJTIwJTIwJTIwJTIwJTNDYXJlYSUyMHRhcmdldCUzRCUyMl9wYXJlbnQlMjIlMjBhbHQlM0QlMjJXaGVlbHNjYW4lMjIlMjB0aXRsZSUzRCUyMldoZWVsc2NhbiUyMiUyMGhyZWYlM0QlMjIlMkZlbiUyRnByb2R1Y3Qtd2hlZWxzY2FuJTJGJTIyJTIwY29vcmRzJTNEJTIyMTM3JTJDNjAlMkMzNDclMkMwJTIyJTIwc2hhcGUlM0QlMjJyZWN0JTIyJTNFJTBBJTIwJTIwJTIwJTIwJTNDYXJlYSUyMHRhcmdldCUzRCUyMl9wYXJlbnQlMjIlMjBhbHQlM0QlMjJXaGVlbHNwZWMlMjBSZWFkJTIyJTIwdGl0bGUlM0QlMjJXaGVlbHNwZWMlMjBSZWFkJTIyJTIwaHJlZiUzRCUyMiUyRmVuJTJGcHJvZHVjdC13aGVlbHNwZWMtcmVhZCUyRiUyMiUyMGNvb3JkcyUzRCUyMjYwJTJDMTE3JTJDMjM1JTJDMTg4JTIyJTIwc2hhcGUlM0QlMjJyZWN0JTIyJTNFJTBBJTIwJTIwJTIwJTIwJTNDYXJlYSUyMHRhcmdldCUzRCUyMl9wYXJlbnQlMjIlMjBhbHQlM0QlMjJXaGVlbHNwZWMlMjBSaW0lMjIlMjB0aXRsZSUzRCUyMldoZWVsc3BlYyUyMFJpbSUyMiUyMGhyZWYlM0QlMjIlMkZlbiUyRnByb2R1Y3Qtd2hlZWxzcGVjLXJpbSUyRiUyMiUyMGNvb3JkcyUzRCUyMjE3JTJDMjk1JTJDMTY1JTJDMzQ1JTIyJTIwc2hhcGUlM0QlMjJyZWN0JTIyJTNFJTBBJTNDJTJGbWFwJTNFJTBBJTNDZGl2JTNF[\/vc_raw_html][\/vc_column][\/vc_row][\/vc_section][vc_section full_width=&#8221;stretch_row&#8221; el_class=&#8221;content-bg&#8221;][vc_row gap=&#8221;35&#8243;][vc_column width=&#8221;1\/2&#8243;][\/vc_column][vc_column width=&#8221;1\/2&#8243; el_class=&#8221;measure-txt-box&#8221;][vc_column_text]<\/p>\n<h2><\/h2>\n<h2><\/h2>\n<h2>Measure tread depth in a new way<\/h2>\n<p>Wheelscan measures, with precision and quality, tyre pattern depth. The measurement is made of a fully horizontal wheel stack. The technology is based on SAAB stereo chamber technology developed and refined over many years.<\/p>\n<h3>Merchandising<\/h3>\n<p>Selling tyres and wheel alignment becomes much easier with a base that shows clear wear.<\/p>\n<h3>Saving time<\/h3>\n<p>Save time, energy and control the status of your tyres in your tyre hotel.<\/p>\n<h3>Customer benefits<\/h3>\n<p>In an industry that is in the process of digitalisation and modernisation, it is important to add that little extra for the customer.[\/vc_column_text][vc_btn title=&#8221;Read more&#8221; style=&#8221;custom&#8221; custom_background=&#8221;&#8221; custom_text=&#8221;&#8221; shape=&#8221;square&#8221; link=&#8221;url:%2Fen%2Fproducts%2F|title:Products&#8221; el_class=&#8221;readmore&#8221;][\/vc_column][\/vc_row][\/vc_section][vc_section el_class=&#8221;measure-section&#8221; css=&#8221;.vc_custom_1672746058327{margin-top: 0px !important;margin-right: 0px !important;margin-bottom: 0px !important;margin-left: 0px !important;padding-top: 0px !important;padding-right: 0px !important;padding-bottom: 0px !important;padding-left: 0px !important;}&#8221;][vc_row equal_height=&#8221;yes&#8221; el_class=&#8221;measure-section-content&#8221; css=&#8221;.vc_custom_1671722237340{margin-top: 0px !important;margin-right: 0px !important;margin-bottom: 0px !important;margin-left: 0px !important;padding-top: 35px !important;padding-right: 0px !important;padding-bottom: 0px !important;padding-left: 0px !important;}&#8221;][vc_column][vc_row_inner][vc_column_inner][vc_single_image image=&#8221;3609&#8243; img_size=&#8221;full&#8221; el_id=&#8221;tal-scanner&#8221;][\/vc_column_inner][\/vc_row_inner][\/vc_column][\/vc_row][\/vc_section][vc_section css=&#8221;.vc_custom_1674552653824{margin-bottom: 0px !important;padding-bottom: 0px !important;}&#8221; el_class=&#8221;content-bottom&#8221;][vc_row gap=&#8221;35&#8243; css=&#8221;.vc_custom_1674639405230{margin-bottom: 0px !important;padding-bottom: 0px !important;}&#8221; el_class=&#8221;mob-rev&#8221;][vc_column width=&#8221;1\/2&#8243; css=&#8221;.vc_custom_1674639641761{margin-bottom: 0px !important;padding-bottom: 0px !important;}&#8221; el_class=&#8221;mob-rev-col&#8221;][vc_single_image image=&#8221;3647&#8243; img_size=&#8221;full&#8221; alignment=&#8221;right&#8221; css=&#8221;.vc_custom_1674553959933{margin-bottom: 0px !important;padding-bottom: 0px !important;}&#8221;][vc_column_text]Wheelscanning Sweden AB started as a spin-off of SAAB. We deliver solutions to save time, increase quality and generate new sales opportunities for the tyre and automotive trade. Our products are fundamentally based on stereo camera technology. Tekniken skapar med hj\u00e4lp av flera bilder en 3D modell d\u00e4r alla punkter \u00e4r m\u00e4tbara. Det ger oss konsekventa och noggranna l\u00f6sningar.[\/vc_column_text][vc_btn title=&#8221;Read more&#8221; style=&#8221;custom&#8221; custom_background=&#8221;&#8221; custom_text=&#8221;&#8221; shape=&#8221;square&#8221; link=&#8221;url:https%3A%2F%2Fdevelop.wheelscanning.exaktahosting.se%2Fen%2F%3Fpage_id%3D3900|title:Contact|&#8221; el_class=&#8221;readmore&#8221; css=&#8221;.vc_custom_1674552528525{margin-bottom: 0px !important;padding-bottom: 0px !important;}&#8221;][\/vc_column][vc_column width=&#8221;1\/2&#8243; css=&#8221;.vc_custom_1674552484393{margin-bottom: 0px !important;padding-bottom: 0px !important;}&#8221;][vc_column_text]<\/p>\n<h2>A little about Wheelscanning<\/h2>\n<p>[\/vc_column_text][vc_single_image image=&#8221;3652&#8243; img_size=&#8221;full&#8221; el_class=&#8221;collegues&#8221; css=&#8221;.vc_custom_1674552534997{margin-bottom: 0px !important;padding-bottom: 0px !important;}&#8221;][\/vc_column][\/vc_row][\/vc_section][vc_section full_width=&#8221;stretch_row&#8221; el_class=&#8221;bottom-hero-section&#8221;][vc_row el_class=&#8221;bottom-hero&#8221;][vc_column el_class=&#8221;bottom-hero-row&#8221;][vc_row_inner el_class=&#8221;test3&#8243;][vc_column_inner width=&#8221;1\/2&#8243;][vc_column_text css=&#8221;.vc_custom_1674724297485{margin-top: 0px !important;margin-bottom: 0px !important;padding-top: 0px !important;padding-bottom: 0px !important;}&#8221;]<\/p>\n<h2>Email us<\/h2>\n<p>Please contact us and we will get back to you as soon as possible![\/vc_column_text]\n<div class=\"wpcf7 no-js\" id=\"wpcf7-f3994-o1\" lang=\"en-US\" dir=\"ltr\" data-wpcf7-id=\"3994\">\n<div class=\"screen-reader-response\"><p role=\"status\" aria-live=\"polite\" aria-atomic=\"true\"><\/p> <ul><\/ul><\/div>\n<form action=\"\/en\/wp-json\/wp\/v2\/pages\/1647#wpcf7-f3994-o1\" method=\"post\" class=\"wpcf7-form init\" aria-label=\"Contact form\" novalidate=\"novalidate\" data-status=\"init\">\n<fieldset class=\"hidden-fields-container\"><input type=\"hidden\" name=\"_wpcf7\" value=\"3994\" \/><input type=\"hidden\" name=\"_wpcf7_version\" value=\"6.1.5\" \/><input type=\"hidden\" name=\"_wpcf7_locale\" value=\"en_US\" \/><input type=\"hidden\" name=\"_wpcf7_unit_tag\" value=\"wpcf7-f3994-o1\" \/><input type=\"hidden\" name=\"_wpcf7_container_post\" value=\"0\" \/><input type=\"hidden\" name=\"_wpcf7_posted_data_hash\" value=\"\" \/>\n<\/fieldset>\n<div class=\"wpcf7-turnstile cf-turnstile\" data-sitekey=\"0x4AAAAAACGCORvqK13qTLX8\" data-response-field-name=\"_wpcf7_turnstile_response\"><\/div>\n\n<div>\n\t<p><span class=\"wpcf7-form-control-wrap\" data-name=\"ditt-namn\"><input size=\"40\" maxlength=\"400\" class=\"wpcf7-form-control wpcf7-text wpcf7-validates-as-required\" aria-required=\"true\" aria-invalid=\"false\" placeholder=\"Name\" value=\"\" type=\"text\" name=\"ditt-namn\" \/><\/span>\n\t<\/p>\n<\/div>\n<div>\n\t<p><span class=\"wpcf7-form-control-wrap\" data-name=\"din-epost\"><input size=\"40\" maxlength=\"400\" class=\"wpcf7-form-control wpcf7-email wpcf7-validates-as-required wpcf7-text wpcf7-validates-as-email\" aria-required=\"true\" aria-invalid=\"false\" placeholder=\"E-mail\" value=\"\" type=\"email\" name=\"din-epost\" \/><\/span>\n\t<\/p>\n<\/div>\n<div>\n\t<p><span class=\"wpcf7-form-control-wrap\" data-name=\"ditt-meddelande\"><textarea cols=\"40\" rows=\"3\" maxlength=\"2000\" class=\"wpcf7-form-control wpcf7-textarea\" aria-invalid=\"false\" placeholder=\"Message\" name=\"ditt-meddelande\"><\/textarea><\/span>\n\t<\/p>\n<\/div>\n<div class=\"submit\">\n\t<p><input class=\"wpcf7-form-control wpcf7-submit has-spinner\" type=\"submit\" value=\"Send\" \/>\n\t<\/p>\n<\/div><div class=\"wpcf7-response-output\" aria-hidden=\"true\"><\/div>\n<\/form>\n<\/div>\n[\/vc_column_inner][vc_column_inner width=&#8221;1\/2&#8243;][vc_column_text el_class=&#8221;kontaktinfo&#8221;]<\/p>\n<h2>Contact<\/h2>\n<p><strong>Address<br \/>\n<\/strong>Fredsgatan 25, 311 52 V\u00e4rnamo<\/p>\n<p><strong>Phone<br \/>\n<\/strong><a href=\"tel:+46102659990\">+46 10-265 99 90<\/a><\/p>\n<p><strong>E-mail<br \/>\n<\/strong>info@wheelscanning.se[\/vc_column_text][\/vc_column_inner][\/vc_row_inner][\/vc_column][\/vc_row][\/vc_section]<\/p>\n","protected":false},"excerpt":{"rendered":"<p>[vc_section full_width=&#8221;stretch_row_content&#8221; el_class=&#8221;top-hero&#8221;][vc_row equal_height=&#8221;yes&#8221; css=&#8221;.vc_custom_1671715541521{background-position: center !important;background-repeat: no-repeat !important;background-size: contain !important;}&#8221; el_class=&#8221;toplayer-bg&#8221;][vc_column width=&#8221;1\/2&#8243; el_class=&#8221;toplayer-left-bg&#8221;][vc_row_inner content_placement=&#8221;top&#8221;][vc_column_inner el_class=&#8221;topcontent&#8221;][vc_column_text el_class=&#8221;toptext&#8221;] Welcome to Wheelscanning With Wheelscanning, you can streamline your<span class=\"excerpt-hellip\"> [\u2026]<\/span><\/p>\n","protected":false},"author":5,"featured_media":0,"parent":0,"menu_order":0,"comment_status":"closed","ping_status":"open","template":"","meta":{"footnotes":""},"class_list":["post-1647","page","type-page","status-publish","hentry"],"_links":{"self":[{"href":"https:\/\/www.wheelscanning.se\/en\/wp-json\/wp\/v2\/pages\/1647","targetHints":{"allow":["GET"]}}],"collection":[{"href":"https:\/\/www.wheelscanning.se\/en\/wp-json\/wp\/v2\/pages"}],"about":[{"href":"https:\/\/www.wheelscanning.se\/en\/wp-json\/wp\/v2\/types\/page"}],"author":[{"embeddable":true,"href":"https:\/\/www.wheelscanning.se\/en\/wp-json\/wp\/v2\/users\/5"}],"replies":[{"embeddable":true,"href":"https:\/\/www.wheelscanning.se\/en\/wp-json\/wp\/v2\/comments?post=1647"}],"version-history":[{"count":226,"href":"https:\/\/www.wheelscanning.se\/en\/wp-json\/wp\/v2\/pages\/1647\/revisions"}],"predecessor-version":[{"id":4403,"href":"https:\/\/www.wheelscanning.se\/en\/wp-json\/wp\/v2\/pages\/1647\/revisions\/4403"}],"wp:attachment":[{"href":"https:\/\/www.wheelscanning.se\/en\/wp-json\/wp\/v2\/media?parent=1647"}],"curies":[{"name":"wp","href":"https:\/\/api.w.org\/{rel}","templated":true}]}}