{"id":4289,"date":"2023-01-30T10:30:06","date_gmt":"2023-01-30T09:30:06","guid":{"rendered":"https:\/\/www.wheelscanning.se\/integritetspolicy\/"},"modified":"2023-03-01T13:21:10","modified_gmt":"2023-03-01T12:21:10","slug":"privacypolicy","status":"publish","type":"page","link":"https:\/\/www.wheelscanning.se\/en\/privacypolicy\/","title":{"rendered":"Privacy Policy"},"content":{"rendered":"<p>[vc_section full_width=&#8221;stretch_row_content&#8221; el_class=&#8221;top-hero&#8221; css=&#8221;.vc_custom_1677673267444{background-image: url(https:\/\/www.wheelscanning.se\/wp-content\/uploads\/2023\/03\/topp-gdpr.jpg?id=4370) !important;background-position: center !important;background-repeat: no-repeat !important;background-size: cover !important;}&#8221;][vc_row equal_height=&#8221;yes&#8221; css=&#8221;.vc_custom_1671715541521{background-position: center !important;background-repeat: no-repeat !important;background-size: contain !important;}&#8221; el_class=&#8221;toplayer-bg&#8221;][vc_column width=&#8221;1\/2&#8243; el_class=&#8221;toplayer-left-bg withoutimg&#8221;][vc_row_inner content_placement=&#8221;top&#8221;][vc_column_inner el_class=&#8221;topcontent&#8221;][vc_column_text el_class=&#8221;toptext&#8221;]<\/p>\n<h1>Privacy Policy<\/h1>\n<p>For Wheelscanning, it is important that your personal data is handled in a secure manner. Below we inform about our current privacy policy. If you have any questions, please contact us by e-mail or telephone.[\/vc_column_text][\/vc_column_inner][\/vc_row_inner][\/vc_column][vc_column width=&#8221;1\/2&#8243; el_class=&#8221;topcontent-right&#8221;][\/vc_column][\/vc_row][\/vc_section][vc_section][vc_row gap=&#8221;35&#8243;][vc_column][vc_row_inner][vc_column_inner width=&#8221;1\/2&#8243;][vc_column_text]<\/p>\n<p>&nbsp;<\/p>\n<h3>GATHERING OF INFORMATION<\/h3>\n<p>We gather information about you when you contact us on our website. The information collected includes name, e-mail address and telephone number. In addition, we automatically receive and store information about your browser, including your IP address, software information and hardware.<\/p>\n<h3>USE OF INFORMATION<\/h3>\n<p>The information collected about you may be used to contact you by e-mail or telephone number. It may also be used to improve our website, provide an offer or conduct a survey.<\/p>\n<h3>DISCLOSURE TO THIRD PARTIES<\/h3>\n<p>We do not sell, trade or otherwise transfer personally identifiable information to third parties without your prior consent. This does not include trusted third parties who help us run our website or business, with the requirement that those parties agree to keep the information confidential. We believe it is necessary to share information for the purpose of investigating, preventing or taking action against illegal activities, suspected fraud, situations that pose a potential risk to a person&#8217;s physical security, breaches of our Terms of Use or other occasions required by law.<\/p>\n<h3>INFORMATION PROTECTION<\/h3>\n<p>Only employees who are to perform a specific job, such as customer service or invoicing, will have access to personally identifiable information. The computers \/ servers used to store personally identifiable information are stored in a secure environment.<\/p>\n<h3>COOKIES<\/h3>\n<p>We use cookies that improve access to our website and identify returning visitors. In addition, our cookies improve the user experience by tracking and customizing the user&#8217;s interests. Our use of cookies is not linked at all to personally identifiable information on our website.<\/p>\n<h3>CANCEL SUBSCRIPTION<\/h3>\n<p>We use the e-mail address you provide us with to send information and updates concerning your orders, individual newsletters, related product information, etc. If you no longer wish to receive such messages and you wish to unsubscribe, please contact us through e-mail or telephone.<\/p>\n<h3>CONSENT<\/h3>\n<p>By using our website, you agree to our privacy policy.[\/vc_column_text][\/vc_column_inner][vc_column_inner width=&#8221;1\/2&#8243;][\/vc_column_inner][\/vc_row_inner][\/vc_column][\/vc_row][\/vc_section][vc_section full_width=&#8221;stretch_row&#8221; disable_element=&#8221;yes&#8221; el_class=&#8221;content-bg&#8221;][vc_row gap=&#8221;35&#8243; el_class=&#8221;content-middle-about&#8221;][vc_column][vc_row_inner equal_height=&#8221;yes&#8221; content_placement=&#8221;middle&#8221; gap=&#8221;35&#8243;][vc_column_inner width=&#8221;1\/2&#8243;][vc_column_text]<\/p>\n<h3>Insamling av information<\/h3>\n<p>Vi samlar in information om er n\u00e4r ni kontaktar oss p\u00e5 v\u00e5r hemsida. Den insamlade informationen inkluderar namn, e-postadress och telefonnummer. Dessutom tar vi automatiskt emot och sparar information om er webbl\u00e4sare, inklusive er ip-adress, uppgifter om programvara samt h\u00e5rdvara.<\/p>\n<h3>Anv\u00e4ndning av information<\/h3>\n<p>Den insamlade informationen om er kan komma att anv\u00e4ndas f\u00f6r att kontakta er via e-post eller telefonnummer. Den kan ocks\u00e5 komma att anv\u00e4ndas f\u00f6r att f\u00f6rb\u00e4ttra v\u00e5r hemsida, tillhandah\u00e5lla ett erbjudande eller genomf\u00f6ra en unders\u00f6kning.<\/p>\n<h3>Utl\u00e4mnande till tredjepart<\/h3>\n<p>Vi s\u00e4ljer, handlar eller p\u00e5 annat s\u00e4tt \u00f6verf\u00f6r inte personligt identifierbar information till utomst\u00e5ende parter utan f\u00f6reg\u00e5ende medgivande fr\u00e5n er. Detta inkluderar inte betrodd tredjepart som hj\u00e4lper oss att driva v\u00e5r hemsida eller v\u00e5rt f\u00f6retag, med kravet att dessa parter godk\u00e4nner att h\u00e5lla informationen konfidentiell. Vi anser att det \u00e4r n\u00f6dv\u00e4ndigt att dela information i syfte att unders\u00f6ka, f\u00f6rhindra eller vidta \u00e5tg\u00e4rder mot illegala aktiviteter, misst\u00e4nkt bedr\u00e4geri, situationer som medf\u00f6r en potentiell risk f\u00f6r en persons fysiska s\u00e4kerhet, brott mot v\u00e5ra anv\u00e4ndarvillkor eller andra tillf\u00e4llen d\u00e5 lagen kr\u00e4ver s\u00e5.<\/p>\n<h3>Informationsskydd<\/h3>\n<p>Endast medarbetare som ska utr\u00e4tta ett specifikt jobb, s\u00e5 som kundservice eller fakturering, f\u00e5r tillg\u00e5ng till personligt identifierbar information. De datorer\/servrar som anv\u00e4nds f\u00f6r att lagra personligt identifierbar information lagras i en s\u00e4ker milj\u00f6.<\/p>\n<h3>Cookies<\/h3>\n<p>Vi anv\u00e4nder oss utav cookies som f\u00f6rb\u00e4ttrar tillg\u00e5ngen till v\u00e5r hemsida och identifierar \u00e5terkommande bes\u00f6kare. Dessutom f\u00f6rb\u00e4ttrar v\u00e5ra cookies anv\u00e4ndarupplevelsen genom att sp\u00e5ra och m\u00e5lanpassa anv\u00e4ndarens intressen. V\u00e5r anv\u00e4ndning av cookies kopplas \u00f6ver huvud taget inte till personligt identifierbar information p\u00e5 v\u00e5r hemsida.<\/p>\n<h3>Avsluta prenumeration<\/h3>\n<p>Vi anv\u00e4nder den e-postadress ni f\u00f6rser oss med f\u00f6r att skicka information och uppdateringar som ang\u00e5r er order, enstaka nyhetsbrev, relaterad produktinformation etc. Om ni inte l\u00e4ngre vill ta emot s\u00e5dana meddelanden och ni vill avsluta er prenumeration, v\u00e4nligen kontakta oss via e-post eller telefon.<\/p>\n<h3>Samtycke<\/h3>\n<p>Genom att anv\u00e4nda v\u00e5r hemsida godk\u00e4nner ni v\u00e5r integritetspolicy.[\/vc_column_text][\/vc_column_inner][vc_column_inner width=&#8221;1\/2&#8243;][\/vc_column_inner][\/vc_row_inner][\/vc_column][\/vc_row][\/vc_section][vc_section disable_element=&#8221;yes&#8221; el_class=&#8221;uspar&#8221;][vc_row gap=&#8221;20&#8243; equal_height=&#8221;yes&#8221;][vc_column width=&#8221;1\/3&#8243;][vc_row_inner equal_height=&#8221;yes&#8221; content_placement=&#8221;middle&#8221; el_class=&#8221;boxdblue&#8221;][vc_column_inner][vc_column_text]<\/p>\n<h3>Merf\u00f6rs\u00e4ljning<\/h3>\n<p>Att s\u00e4lja d\u00e4ck och hjulinst\u00e4llning blir betydligt enklare med ett underlag som tydligt visar p\u00e5 slitage.<\/p>\n<p>[\/vc_column_text][\/vc_column_inner][\/vc_row_inner][\/vc_column][vc_column width=&#8221;1\/3&#8243;][vc_row_inner equal_height=&#8221;yes&#8221; content_placement=&#8221;middle&#8221; el_class=&#8221;boxlblue&#8221;][vc_column_inner][vc_column_text]<\/p>\n<h3>Tidsbesparing<\/h3>\n<p>Spara tid, energi och f\u00e5 kontroll \u00f6ver d\u00e4ckens status i ert d\u00e4ckhotell.<\/p>\n<p>[\/vc_column_text][\/vc_column_inner][\/vc_row_inner][\/vc_column][vc_column width=&#8221;1\/3&#8243;][vc_row_inner equal_height=&#8221;yes&#8221; content_placement=&#8221;middle&#8221; el_class=&#8221;boxgreen&#8221;][vc_column_inner][vc_column_text]<\/p>\n<h3>Kundnytta<\/h3>\n<p>I en bransch med stundande digitalisering och modernisering \u00e4r det viktigt att tillf\u00f6ra det lilla extra f\u00f6r kunden.<\/p>\n<p>[\/vc_column_text][\/vc_column_inner][\/vc_row_inner][\/vc_column][\/vc_row][\/vc_section][vc_section full_width=&#8221;stretch_row&#8221; disable_element=&#8221;yes&#8221; el_class=&#8221;bottom-hero-section-page&#8221;][vc_row el_class=&#8221;bottom-hero-page&#8221;][vc_column width=&#8221;1\/3&#8243; el_class=&#8221;bottom-hero-row-page&#8221;][\/vc_column][vc_column width=&#8221;1\/3&#8243;][\/vc_column][vc_column width=&#8221;1\/3&#8243;][\/vc_column][\/vc_row][\/vc_section]<\/p>\n","protected":false},"excerpt":{"rendered":"<p>[vc_section full_width=&#8221;stretch_row_content&#8221; el_class=&#8221;top-hero&#8221; css=&#8221;.vc_custom_1677673267444{background-image: url(https:\/\/www.wheelscanning.se\/wp-content\/uploads\/2023\/03\/topp-gdpr.jpg?id=4370) !important;background-position: center !important;background-repeat: no-repeat !important;background-size: cover !important;}&#8221;][vc_row equal_height=&#8221;yes&#8221; css=&#8221;.vc_custom_1671715541521{background-position: center !important;background-repeat: no-repeat !important;background-size: contain !important;}&#8221; el_class=&#8221;toplayer-bg&#8221;][vc_column width=&#8221;1\/2&#8243; el_class=&#8221;toplayer-left-bg withoutimg&#8221;][vc_row_inner content_placement=&#8221;top&#8221;][vc_column_inner el_class=&#8221;topcontent&#8221;][vc_column_text<span class=\"excerpt-hellip\"> [\u2026]<\/span><\/p>\n","protected":false},"author":5,"featured_media":0,"parent":0,"menu_order":0,"comment_status":"closed","ping_status":"open","template":"","meta":{"footnotes":""},"class_list":["post-4289","page","type-page","status-publish","hentry"],"_links":{"self":[{"href":"https:\/\/www.wheelscanning.se\/en\/wp-json\/wp\/v2\/pages\/4289","targetHints":{"allow":["GET"]}}],"collection":[{"href":"https:\/\/www.wheelscanning.se\/en\/wp-json\/wp\/v2\/pages"}],"about":[{"href":"https:\/\/www.wheelscanning.se\/en\/wp-json\/wp\/v2\/types\/page"}],"author":[{"embeddable":true,"href":"https:\/\/www.wheelscanning.se\/en\/wp-json\/wp\/v2\/users\/5"}],"replies":[{"embeddable":true,"href":"https:\/\/www.wheelscanning.se\/en\/wp-json\/wp\/v2\/comments?post=4289"}],"version-history":[{"count":3,"href":"https:\/\/www.wheelscanning.se\/en\/wp-json\/wp\/v2\/pages\/4289\/revisions"}],"predecessor-version":[{"id":4373,"href":"https:\/\/www.wheelscanning.se\/en\/wp-json\/wp\/v2\/pages\/4289\/revisions\/4373"}],"wp:attachment":[{"href":"https:\/\/www.wheelscanning.se\/en\/wp-json\/wp\/v2\/media?parent=4289"}],"curies":[{"name":"wp","href":"https:\/\/api.w.org\/{rel}","templated":true}]}}